{"id":2773,"date":"2025-03-27T09:55:41","date_gmt":"2025-03-27T12:55:41","guid":{"rendered":"https:\/\/www.bemmaisalimentos.com.br\/site\/?post_type=product&#038;p=2773"},"modified":"2026-03-19T16:16:45","modified_gmt":"2026-03-19T19:16:45","slug":"selecta-algemix","status":"publish","type":"product","link":"https:\/\/www.bemmaisalimentos.com.br\/site\/produtos\/selecta-algemix\/","title":{"rendered":"Selecta Algemix"},"content":{"rendered":"<p>Base saborizante para sorvetes e confeitaria. Dispon\u00edvel nos sabores: Baunilha, Blue Ice, Chocolate Branco, Chocolate Su\u00ed\u00e7o, Creme, Iogurte, Leite Condensado, Leitinho, Maracuj\u00e1, Milho Verde, Morango, Abacaxi, \u00c1gua de coco, Bombom, Chocolate c\/ Avel\u00e3, Coco, Iogurte (YOGOPR\u00d3), Lim\u00e3o Tahiti, Ma\u00e7\u00e3 Verde, Melancia, Nata e Torta de Lim\u00e3o.<\/p>\n<p>Embalagem de 1Kg, Caixa 10kg<\/p>\n","protected":false},"excerpt":{"rendered":"<p>Base saborizante para sorvetes e confeitaria. Dispon\u00edvel nos sabores: Baunilha, Blue Ice, Chocolate Branco, Chocolate Su\u00ed\u00e7o, Creme, Iogurte, Leite Condensado, [&hellip;]<\/p>\n","protected":false},"featured_media":2774,"template":"","meta":{"site-sidebar-layout":"default","site-content-layout":"","ast-site-content-layout":"default","site-content-style":"default","site-sidebar-style":"default","ast-global-header-display":"","ast-banner-title-visibility":"","ast-main-header-display":"","ast-hfb-above-header-display":"","ast-hfb-below-header-display":"","ast-hfb-mobile-header-display":"","site-post-title":"","ast-breadcrumbs-content":"","ast-featured-img":"","footer-sml-layout":"","theme-transparent-header-meta":"default","adv-header-id-meta":"","stick-header-meta":"","header-above-stick-meta":"","header-main-stick-meta":"","header-below-stick-meta":"","astra-migrate-meta-layouts":"set","ast-page-background-enabled":"default","ast-page-background-meta":{"desktop":{"background-color":"var(--ast-global-color-5)","background-image":"","background-repeat":"repeat","background-position":"center center","background-size":"auto","background-attachment":"scroll","background-type":"","background-media":"","overlay-type":"","overlay-color":"","overlay-opacity":"","overlay-gradient":""},"tablet":{"background-color":"","background-image":"","background-repeat":"repeat","background-position":"center center","background-size":"auto","background-attachment":"scroll","background-type":"","background-media":"","overlay-type":"","overlay-color":"","overlay-opacity":"","overlay-gradient":""},"mobile":{"background-color":"","background-image":"","background-repeat":"repeat","background-position":"center center","background-size":"auto","background-attachment":"scroll","background-type":"","background-media":"","overlay-type":"","overlay-color":"","overlay-opacity":"","overlay-gradient":""}},"ast-content-background-meta":{"desktop":{"background-color":"var(--ast-global-color-4)","background-image":"","background-repeat":"repeat","background-position":"center center","background-size":"auto","background-attachment":"scroll","background-type":"","background-media":"","overlay-type":"","overlay-color":"","overlay-opacity":"","overlay-gradient":""},"tablet":{"background-color":"var(--ast-global-color-4)","background-image":"","background-repeat":"repeat","background-position":"center center","background-size":"auto","background-attachment":"scroll","background-type":"","background-media":"","overlay-type":"","overlay-color":"","overlay-opacity":"","overlay-gradient":""},"mobile":{"background-color":"var(--ast-global-color-4)","background-image":"","background-repeat":"repeat","background-position":"center center","background-size":"auto","background-attachment":"scroll","background-type":"","background-media":"","overlay-type":"","overlay-color":"","overlay-opacity":"","overlay-gradient":""}}},"product_brand":[109],"product_cat":[69,161],"product_tag":[],"class_list":{"0":"post-2773","1":"product","2":"type-product","3":"status-publish","4":"has-post-thumbnail","6":"product_brand-selecta","7":"product_cat-insumos-sorveteria","8":"product_cat-sobremesas-e-bebidas","9":"desktop-align-left","10":"tablet-align-left","11":"mobile-align-left","13":"first","14":"instock","15":"shipping-taxable","16":"product-type-simple"},"yoast_head":"<!-- This site is optimized with the Yoast SEO plugin v25.3.1 - https:\/\/yoast.com\/wordpress\/plugins\/seo\/ -->\n<title>Selecta Algemix -<\/title>\n<meta name=\"robots\" content=\"index, follow, max-snippet:-1, max-image-preview:large, max-video-preview:-1\" \/>\n<link rel=\"canonical\" href=\"https:\/\/www.bemmaisalimentos.com.br\/site\/produtos\/selecta-algemix\/\" \/>\n<meta property=\"og:locale\" content=\"pt_BR\" \/>\n<meta property=\"og:type\" content=\"article\" \/>\n<meta property=\"og:title\" content=\"Selecta Algemix -\" \/>\n<meta property=\"og:description\" content=\"Base saborizante para sorvetes e confeitaria. Dispon\u00edvel nos sabores: Baunilha, Blue Ice, Chocolate Branco, Chocolate Su\u00ed\u00e7o, Creme, Iogurte, Leite Condensado, [&hellip;]\" \/>\n<meta property=\"og:url\" content=\"https:\/\/www.bemmaisalimentos.com.br\/site\/produtos\/selecta-algemix\/\" \/>\n<meta property=\"article:publisher\" content=\"https:\/\/www.facebook.com\/bemmaisalimentos\/?locale=pt_BR\" \/>\n<meta property=\"article:modified_time\" content=\"2026-03-19T19:16:45+00:00\" \/>\n<meta property=\"og:image\" content=\"https:\/\/www.bemmaisalimentos.com.br\/site\/wp-content\/uploads\/2025\/03\/Captura-de-tela-2025-03-27-095745.png\" \/>\n\t<meta property=\"og:image:width\" content=\"626\" \/>\n\t<meta property=\"og:image:height\" content=\"618\" \/>\n\t<meta property=\"og:image:type\" content=\"image\/png\" \/>\n<meta name=\"twitter:card\" content=\"summary_large_image\" \/>\n<meta name=\"twitter:label1\" content=\"Est. tempo de leitura\" \/>\n\t<meta name=\"twitter:data1\" content=\"1 minuto\" \/>\n<script type=\"application\/ld+json\" class=\"yoast-schema-graph\">{\"@context\":\"https:\/\/schema.org\",\"@graph\":[{\"@type\":\"WebPage\",\"@id\":\"https:\/\/www.bemmaisalimentos.com.br\/site\/produtos\/selecta-algemix\/\",\"url\":\"https:\/\/www.bemmaisalimentos.com.br\/site\/produtos\/selecta-algemix\/\",\"name\":\"Selecta Algemix -\",\"isPartOf\":{\"@id\":\"https:\/\/www.bemmaisalimentos.com.br\/site\/#website\"},\"primaryImageOfPage\":{\"@id\":\"https:\/\/www.bemmaisalimentos.com.br\/site\/produtos\/selecta-algemix\/#primaryimage\"},\"image\":{\"@id\":\"https:\/\/www.bemmaisalimentos.com.br\/site\/produtos\/selecta-algemix\/#primaryimage\"},\"thumbnailUrl\":\"https:\/\/www.bemmaisalimentos.com.br\/site\/wp-content\/uploads\/2025\/03\/Captura-de-tela-2025-03-27-095745.png\",\"datePublished\":\"2025-03-27T12:55:41+00:00\",\"dateModified\":\"2026-03-19T19:16:45+00:00\",\"breadcrumb\":{\"@id\":\"https:\/\/www.bemmaisalimentos.com.br\/site\/produtos\/selecta-algemix\/#breadcrumb\"},\"inLanguage\":\"pt-BR\",\"potentialAction\":[{\"@type\":\"ReadAction\",\"target\":[\"https:\/\/www.bemmaisalimentos.com.br\/site\/produtos\/selecta-algemix\/\"]}]},{\"@type\":\"ImageObject\",\"inLanguage\":\"pt-BR\",\"@id\":\"https:\/\/www.bemmaisalimentos.com.br\/site\/produtos\/selecta-algemix\/#primaryimage\",\"url\":\"https:\/\/www.bemmaisalimentos.com.br\/site\/wp-content\/uploads\/2025\/03\/Captura-de-tela-2025-03-27-095745.png\",\"contentUrl\":\"https:\/\/www.bemmaisalimentos.com.br\/site\/wp-content\/uploads\/2025\/03\/Captura-de-tela-2025-03-27-095745.png\",\"width\":626,\"height\":618},{\"@type\":\"BreadcrumbList\",\"@id\":\"https:\/\/www.bemmaisalimentos.com.br\/site\/produtos\/selecta-algemix\/#breadcrumb\",\"itemListElement\":[{\"@type\":\"ListItem\",\"position\":1,\"name\":\"In\u00edcio\",\"item\":\"https:\/\/www.bemmaisalimentos.com.br\/site\/\"},{\"@type\":\"ListItem\",\"position\":2,\"name\":\"Shop\",\"item\":\"https:\/\/www.bemmaisalimentos.com.br\/site\/shop\/\"},{\"@type\":\"ListItem\",\"position\":3,\"name\":\"Selecta Algemix\"}]},{\"@type\":\"WebSite\",\"@id\":\"https:\/\/www.bemmaisalimentos.com.br\/site\/#website\",\"url\":\"https:\/\/www.bemmaisalimentos.com.br\/site\/\",\"name\":\"Bem Mais Alimentos | Distribuidora de Alimentos\u00a0no\u00a0Paran\u00e1\",\"description\":\"\",\"publisher\":{\"@id\":\"https:\/\/www.bemmaisalimentos.com.br\/site\/#organization\"},\"potentialAction\":[{\"@type\":\"SearchAction\",\"target\":{\"@type\":\"EntryPoint\",\"urlTemplate\":\"https:\/\/www.bemmaisalimentos.com.br\/site\/?s={search_term_string}\"},\"query-input\":{\"@type\":\"PropertyValueSpecification\",\"valueRequired\":true,\"valueName\":\"search_term_string\"}}],\"inLanguage\":\"pt-BR\"},{\"@type\":\"Organization\",\"@id\":\"https:\/\/www.bemmaisalimentos.com.br\/site\/#organization\",\"name\":\"Bem Mais Alimentos | Distribuidora de Alimentos\u00a0no\u00a0Paran\u00e1\",\"url\":\"https:\/\/www.bemmaisalimentos.com.br\/site\/\",\"logo\":{\"@type\":\"ImageObject\",\"inLanguage\":\"pt-BR\",\"@id\":\"https:\/\/www.bemmaisalimentos.com.br\/site\/#\/schema\/logo\/image\/\",\"url\":\"https:\/\/www.bemmaisalimentos.com.br\/site\/wp-content\/uploads\/2025\/03\/FEVEREIRO-51.jpg\",\"contentUrl\":\"https:\/\/www.bemmaisalimentos.com.br\/site\/wp-content\/uploads\/2025\/03\/FEVEREIRO-51.jpg\",\"width\":150,\"height\":93,\"caption\":\"Bem Mais Alimentos | Distribuidora de Alimentos\u00a0no\u00a0Paran\u00e1\"},\"image\":{\"@id\":\"https:\/\/www.bemmaisalimentos.com.br\/site\/#\/schema\/logo\/image\/\"},\"sameAs\":[\"https:\/\/www.facebook.com\/bemmaisalimentos\/?locale=pt_BR\",\"https:\/\/www.instagram.com\/bemmaisalimentos\/\"]}]}<\/script>\n<!-- \/ Yoast SEO plugin. -->","yoast_head_json":{"title":"Selecta Algemix -","robots":{"index":"index","follow":"follow","max-snippet":"max-snippet:-1","max-image-preview":"max-image-preview:large","max-video-preview":"max-video-preview:-1"},"canonical":"https:\/\/www.bemmaisalimentos.com.br\/site\/produtos\/selecta-algemix\/","og_locale":"pt_BR","og_type":"article","og_title":"Selecta Algemix -","og_description":"Base saborizante para sorvetes e confeitaria. Dispon\u00edvel nos sabores: Baunilha, Blue Ice, Chocolate Branco, Chocolate Su\u00ed\u00e7o, Creme, Iogurte, Leite Condensado, [&hellip;]","og_url":"https:\/\/www.bemmaisalimentos.com.br\/site\/produtos\/selecta-algemix\/","article_publisher":"https:\/\/www.facebook.com\/bemmaisalimentos\/?locale=pt_BR","article_modified_time":"2026-03-19T19:16:45+00:00","og_image":[{"width":626,"height":618,"url":"https:\/\/www.bemmaisalimentos.com.br\/site\/wp-content\/uploads\/2025\/03\/Captura-de-tela-2025-03-27-095745.png","type":"image\/png"}],"twitter_card":"summary_large_image","twitter_misc":{"Est. tempo de leitura":"1 minuto"},"schema":{"@context":"https:\/\/schema.org","@graph":[{"@type":"WebPage","@id":"https:\/\/www.bemmaisalimentos.com.br\/site\/produtos\/selecta-algemix\/","url":"https:\/\/www.bemmaisalimentos.com.br\/site\/produtos\/selecta-algemix\/","name":"Selecta Algemix -","isPartOf":{"@id":"https:\/\/www.bemmaisalimentos.com.br\/site\/#website"},"primaryImageOfPage":{"@id":"https:\/\/www.bemmaisalimentos.com.br\/site\/produtos\/selecta-algemix\/#primaryimage"},"image":{"@id":"https:\/\/www.bemmaisalimentos.com.br\/site\/produtos\/selecta-algemix\/#primaryimage"},"thumbnailUrl":"https:\/\/www.bemmaisalimentos.com.br\/site\/wp-content\/uploads\/2025\/03\/Captura-de-tela-2025-03-27-095745.png","datePublished":"2025-03-27T12:55:41+00:00","dateModified":"2026-03-19T19:16:45+00:00","breadcrumb":{"@id":"https:\/\/www.bemmaisalimentos.com.br\/site\/produtos\/selecta-algemix\/#breadcrumb"},"inLanguage":"pt-BR","potentialAction":[{"@type":"ReadAction","target":["https:\/\/www.bemmaisalimentos.com.br\/site\/produtos\/selecta-algemix\/"]}]},{"@type":"ImageObject","inLanguage":"pt-BR","@id":"https:\/\/www.bemmaisalimentos.com.br\/site\/produtos\/selecta-algemix\/#primaryimage","url":"https:\/\/www.bemmaisalimentos.com.br\/site\/wp-content\/uploads\/2025\/03\/Captura-de-tela-2025-03-27-095745.png","contentUrl":"https:\/\/www.bemmaisalimentos.com.br\/site\/wp-content\/uploads\/2025\/03\/Captura-de-tela-2025-03-27-095745.png","width":626,"height":618},{"@type":"BreadcrumbList","@id":"https:\/\/www.bemmaisalimentos.com.br\/site\/produtos\/selecta-algemix\/#breadcrumb","itemListElement":[{"@type":"ListItem","position":1,"name":"In\u00edcio","item":"https:\/\/www.bemmaisalimentos.com.br\/site\/"},{"@type":"ListItem","position":2,"name":"Shop","item":"https:\/\/www.bemmaisalimentos.com.br\/site\/shop\/"},{"@type":"ListItem","position":3,"name":"Selecta Algemix"}]},{"@type":"WebSite","@id":"https:\/\/www.bemmaisalimentos.com.br\/site\/#website","url":"https:\/\/www.bemmaisalimentos.com.br\/site\/","name":"Bem Mais Alimentos | Distribuidora de Alimentos\u00a0no\u00a0Paran\u00e1","description":"","publisher":{"@id":"https:\/\/www.bemmaisalimentos.com.br\/site\/#organization"},"potentialAction":[{"@type":"SearchAction","target":{"@type":"EntryPoint","urlTemplate":"https:\/\/www.bemmaisalimentos.com.br\/site\/?s={search_term_string}"},"query-input":{"@type":"PropertyValueSpecification","valueRequired":true,"valueName":"search_term_string"}}],"inLanguage":"pt-BR"},{"@type":"Organization","@id":"https:\/\/www.bemmaisalimentos.com.br\/site\/#organization","name":"Bem Mais Alimentos | Distribuidora de Alimentos\u00a0no\u00a0Paran\u00e1","url":"https:\/\/www.bemmaisalimentos.com.br\/site\/","logo":{"@type":"ImageObject","inLanguage":"pt-BR","@id":"https:\/\/www.bemmaisalimentos.com.br\/site\/#\/schema\/logo\/image\/","url":"https:\/\/www.bemmaisalimentos.com.br\/site\/wp-content\/uploads\/2025\/03\/FEVEREIRO-51.jpg","contentUrl":"https:\/\/www.bemmaisalimentos.com.br\/site\/wp-content\/uploads\/2025\/03\/FEVEREIRO-51.jpg","width":150,"height":93,"caption":"Bem Mais Alimentos | Distribuidora de Alimentos\u00a0no\u00a0Paran\u00e1"},"image":{"@id":"https:\/\/www.bemmaisalimentos.com.br\/site\/#\/schema\/logo\/image\/"},"sameAs":["https:\/\/www.facebook.com\/bemmaisalimentos\/?locale=pt_BR","https:\/\/www.instagram.com\/bemmaisalimentos\/"]}]}},"_links":{"self":[{"href":"https:\/\/www.bemmaisalimentos.com.br\/site\/wp-json\/wp\/v2\/product\/2773","targetHints":{"allow":["GET"]}}],"collection":[{"href":"https:\/\/www.bemmaisalimentos.com.br\/site\/wp-json\/wp\/v2\/product"}],"about":[{"href":"https:\/\/www.bemmaisalimentos.com.br\/site\/wp-json\/wp\/v2\/types\/product"}],"wp:featuredmedia":[{"embeddable":true,"href":"https:\/\/www.bemmaisalimentos.com.br\/site\/wp-json\/wp\/v2\/media\/2774"}],"wp:attachment":[{"href":"https:\/\/www.bemmaisalimentos.com.br\/site\/wp-json\/wp\/v2\/media?parent=2773"}],"wp:term":[{"taxonomy":"product_brand","embeddable":true,"href":"https:\/\/www.bemmaisalimentos.com.br\/site\/wp-json\/wp\/v2\/product_brand?post=2773"},{"taxonomy":"product_cat","embeddable":true,"href":"https:\/\/www.bemmaisalimentos.com.br\/site\/wp-json\/wp\/v2\/product_cat?post=2773"},{"taxonomy":"product_tag","embeddable":true,"href":"https:\/\/www.bemmaisalimentos.com.br\/site\/wp-json\/wp\/v2\/product_tag?post=2773"}],"curies":[{"name":"wp","href":"https:\/\/api.w.org\/{rel}","templated":true}]}}