{"id":949,"date":"2019-02-01T02:00:24","date_gmt":"2019-02-01T02:00:24","guid":{"rendered":"https:\/\/ninetheme.com\/themes\/agro\/?page_id=2"},"modified":"2026-02-11T09:42:30","modified_gmt":"2026-02-11T12:42:30","slug":"bem-mais-distribuidora-de-alimentos","status":"publish","type":"page","link":"https:\/\/www.bemmaisalimentos.com.br\/site\/","title":{"rendered":"Bem Mais Distribuidora de Alimentos"},"content":{"rendered":"<div class=\"wpb-content-wrapper\"><p>[vc_row][vc_column][\/vc_column][\/vc_row][vc_row][vc_column][vc_empty_space height=&#8221;25px&#8221;][\/vc_column][\/vc_row][vc_row full_width=&#8221;stretch_row_content&#8221;][vc_column width=&#8221;5\/12&#8243; offset=&#8221;vc_col-lg-offset-1&#8243;][vc_column_text css=&#8221;&#8221;]<\/p>\n<h3 style=\"text-align: center;\"><strong>Marcas Parceiras<\/strong><\/h3>\n<p>[\/vc_column_text][vc_images_carousel images=&#8221;1171,1172,1169,1170,1173,1174,1175,1176,1167,1200,1201,1202,1203,1204,1205,1206,1207,1180,1181,1182,1183,1191,1190,1189,1188,1187,1186,1185,1184,1192,1193,1194,1195,1196,1197,1198,1199,1215,1214,1213,1211,1212,1210,1209,1208,1216,1217,1218,1219&#8243; img_size=&#8221;600&#215;600&#8243; speed=&#8221;3500&#8243; slides_per_view=&#8221;3&#8243; autoplay=&#8221;yes&#8221; hide_pagination_control=&#8221;yes&#8221; hide_prev_next_buttons=&#8221;yes&#8221; wrap=&#8221;yes&#8221; css_animation=&#8221;fadeInRight&#8221; css=&#8221;&#8221;][\/vc_column][vc_column width=&#8221;1\/3&#8243;][vc_column_text css=&#8221;&#8221;]<\/p>\n<h5><\/h5>\n<p>&nbsp;<\/p>\n<p>&nbsp;<\/p>\n<h5><\/h5>\n<h5 style=\"text-align: left;\">Contamos com as melhores marcas em parceria com a <span style=\"color: #ff0000;\">Bem <strong>Mais<\/strong><\/span> Alimentos, garantindo excel\u00eancia e qualidade para nossos clientes.<\/h5>\n<p>[\/vc_column_text][\/vc_column][\/vc_row][vc_row][vc_column][vc_empty_space][\/vc_column][\/vc_row][vc_row full_width=&#8221;stretch_row_content&#8221;][vc_column width=&#8221;1\/2&#8243;][vc_single_image image=&#8221;2355&#8243; img_size=&#8221;600&#215;300&#8243; alignment=&#8221;right&#8221; css=&#8221;&#8221;][\/vc_column][vc_column width=&#8221;1\/2&#8243; offset=&#8221;vc_col-lg-2\/5&#8243;][vc_cta 1=&#8221;a&#8221; 2=&#8221;&#8221; 3=&#8221;style=&#8220;color:&#8221; 4=&#8221;&#8220;#ee2128&#8220;;&#8220;&gt;Bem&#8221; 5=&#8221;<strong>Mais<\/strong>&#8221; 6=&#8221;Alimentos&#8220;&#8221; h2=&#8221;Bem-vindo a Bem Mais Alimentos&#8221; css=&#8221;&#8221;]Sua distribuidora de alimentos de qualidade[\/vc_cta][vc_column_text css=&#8221;&#8221;]Estamos sempre em busca de novas parcerias, mais efici\u00eancia e melhor qualidade para nossos clientes. Trabalhamos lado a lado com ind\u00fastrias de todo o Brasil e do exterior, garantindo <strong>produtos de alta qualidade pelo melhor pre\u00e7o<\/strong>. Com estrutura pr\u00f3pria de armazenamento e distribui\u00e7\u00e3o, asseguramos mais agilidade, efici\u00eancia e redu\u00e7\u00e3o de custos para\u00a0o\u00a0seu\u00a0neg\u00f3cio.[\/vc_column_text][\/vc_column][\/vc_row][vc_row full_width=&#8221;stretch_row_content&#8221;][vc_column width=&#8221;1\/4&#8243; offset=&#8221;vc_col-lg-offset-1\/5 vc_col-lg-2&#8243;][vc_cta h2=&#8221;+ 20 anos&#8221; h2_font_container=&#8221;tag:h2|text_align:center|color:%23FFFFFF&#8221; h2_use_theme_fonts=&#8221;yes&#8221; txt_align=&#8221;center&#8221; css_animation=&#8221;rollIn&#8221; css=&#8221;.vc_custom_1770813741728{background-color: #EE2128 !important;}&#8221; use_custom_fonts_h2=&#8221;true&#8221;]<span style=\"color: #ffffff;\">no mercado<\/span>[\/vc_cta][\/vc_column][vc_column width=&#8221;1\/4&#8243; offset=&#8221;vc_col-lg-3&#8243;][vc_cta h2=&#8221;+ 8000 clientes&#8221; h2_font_container=&#8221;tag:h2|text_align:center|color:%23FFFFFF&#8221; h2_use_theme_fonts=&#8221;yes&#8221; txt_align=&#8221;center&#8221; css_animation=&#8221;rollIn&#8221; css=&#8221;.vc_custom_1743699976807{background-color: #EE2128 !important;}&#8221; use_custom_fonts_h2=&#8221;true&#8221;]<span style=\"color: #ffffff;\">satisfeitos<\/span>[\/vc_cta][\/vc_column][vc_column width=&#8221;1\/4&#8243; offset=&#8221;vc_col-lg-2&#8243;][vc_cta h2=&#8221;+ 10 regi\u00f5es&#8221; h2_font_container=&#8221;tag:h2|text_align:center|color:%23FFFFFF&#8221; h2_use_theme_fonts=&#8221;yes&#8221; txt_align=&#8221;center&#8221; css_animation=&#8221;rollIn&#8221; css=&#8221;.vc_custom_1743700005857{background-color: #EE2128 !important;}&#8221; use_custom_fonts_h2=&#8221;true&#8221;]<span style=\"color: #ffffff;\">atendidas<\/span>[\/vc_cta][\/vc_column][\/vc_row][vc_row][vc_column][vc_empty_space][\/vc_column][\/vc_row][vc_row full_width=&#8221;stretch_row_content&#8221;][vc_column width=&#8221;5\/12&#8243; offset=&#8221;vc_col-lg-offset-1&#8243;][vc_cta h2=&#8221;Produtos Bem Mais&#8221; add_button=&#8221;bottom&#8221; btn_title=&#8221;Cat\u00e1logo&#8221; btn_style=&#8221;outline-custom&#8221; btn_outline_custom_color=&#8221;#EE2128&#8243; btn_outline_custom_hover_background=&#8221;#EE2128&#8243; css=&#8221;&#8221; btn_link=&#8221;url:https%3A%2F%2Fwww.bemmaisalimentos.com.br%2Fsite%2Fcatalogo%2F&#8221;]Uma variedade de produtos cuidadosamente preparados para facilitar o seu dia a dia. Com qualidade excepcional e embalagem pr\u00e1tica, nossos produtos s\u00e3o a solu\u00e7\u00e3o perfeita para o seu com\u00e9rcio![\/vc_cta][\/vc_column][vc_column width=&#8221;1\/5&#8243;][vc_hoverbox image=&#8221;2357&#8243; primary_title=&#8221;&#8221; hover_title=&#8221;&#8221; hover_background_color=&#8221;orange&#8221; hover_btn_title=&#8221;Batata frita&#8221; hover_btn_style=&#8221;flat&#8221; hover_btn_color=&#8221;orange&#8221; hover_btn_size=&#8221;lg&#8221; hover_add_button=&#8221;true&#8221; hover_btn_link=&#8221;url:https%3A%2F%2Fwww.bemmaisalimentos.com.br%2Fsite%2Fbatatas-congeladas%2F&#8221;][\/vc_hoverbox][\/vc_column][vc_column width=&#8221;1\/5&#8243;][vc_hoverbox image=&#8221;2359&#8243; primary_title=&#8221;&#8221; hover_title=&#8221;&#8221; hover_background_color=&#8221;pink&#8221; hover_btn_title=&#8221;Hamb\u00fargueres e embutidos&#8221; hover_btn_style=&#8221;flat&#8221; hover_btn_color=&#8221;pink&#8221; hover_btn_size=&#8221;lg&#8221; hover_add_button=&#8221;true&#8221; hover_btn_link=&#8221;url:https%3A%2F%2Fwww.bemmaisalimentos.com.br%2Fsite%2Fhamburgueres-e-embutidos%2F&#8221;][\/vc_hoverbox][\/vc_column][\/vc_row][vc_row][vc_column][vc_empty_space height=&#8221;25px&#8221;][\/vc_column][\/vc_row][vc_row full_width=&#8221;stretch_row_content&#8221;][vc_column width=&#8221;1\/4&#8243; offset=&#8221;vc_col-lg-offset-1&#8243;][vc_hoverbox image=&#8221;2361&#8243; primary_title=&#8221;&#8221; hover_title=&#8221;&#8221; hover_background_color=&#8221;chino&#8221; hover_btn_title=&#8221;Aves&#8221; hover_btn_style=&#8221;flat&#8221; hover_btn_color=&#8221;chino&#8221; hover_btn_size=&#8221;lg&#8221; hover_add_button=&#8221;true&#8221; hover_btn_link=&#8221;url:https%3A%2F%2Fwww.bemmaisalimentos.com.br%2Fsite%2Faves%2F&#8221;][\/vc_hoverbox][\/vc_column][vc_column width=&#8221;1\/4&#8243;][vc_hoverbox image=&#8221;2363&#8243; primary_title=&#8221;&#8221; hover_title=&#8221;&#8221; hover_background_color=&#8221;green&#8221; hover_btn_title=&#8221;Vegetais congelados&#8221; hover_btn_style=&#8221;flat&#8221; hover_btn_color=&#8221;green&#8221; hover_btn_size=&#8221;lg&#8221; hover_add_button=&#8221;true&#8221; hover_btn_link=&#8221;url:https%3A%2F%2Fwww.bemmaisalimentos.com.br%2Fsite%2Fvegetais-congelados%2F&#8221;][\/vc_hoverbox][\/vc_column][vc_column width=&#8221;1\/3&#8243;][vc_hoverbox image=&#8221;2365&#8243; primary_title=&#8221;&#8221; hover_title=&#8221;&#8221; hover_background_color=&#8221;juicy-pink&#8221; hover_btn_title=&#8221;Polpas de frutas e frutas congeladas&#8221; hover_btn_style=&#8221;flat&#8221; hover_btn_color=&#8221;juicy-pink&#8221; hover_btn_size=&#8221;lg&#8221; hover_add_button=&#8221;true&#8221; hover_btn_link=&#8221;url:https%3A%2F%2Fwww.bemmaisalimentos.com.br%2Fsite%2Fpolpas-de-frutas-e-frutas-congeladas%2F&#8221;][\/vc_hoverbox][\/vc_column][\/vc_row][vc_row][vc_column][vc_empty_space][\/vc_column][\/vc_row][vc_row full_width=&#8221;stretch_row_content&#8221;][vc_column width=&#8221;1\/4&#8243; offset=&#8221;vc_col-lg-offset-1&#8243;][\/vc_column][vc_column width=&#8221;1\/3&#8243;][vc_hoverbox image=&#8221;2367&#8243; primary_title=&#8221;&#8221; hover_title=&#8221;&#8221; hover_background_color=&#8221;sandy-brown&#8221; hover_btn_title=&#8221;Peixes e camar\u00f5es&#8221; hover_btn_style=&#8221;flat&#8221; hover_btn_color=&#8221;sandy-brown&#8221; hover_btn_size=&#8221;lg&#8221; hover_add_button=&#8221;true&#8221; hover_btn_link=&#8221;url:https%3A%2F%2Fwww.bemmaisalimentos.com.br%2Fsite%2Fpeixes-e-camaroes%2F&#8221;][\/vc_hoverbox][\/vc_column][vc_column width=&#8221;1\/4&#8243;][vc_hoverbox image=&#8221;2370&#8243; primary_title=&#8221;&#8221; hover_title=&#8221;&#8221; hover_background_color=&#8221;mulled-wine&#8221; hover_btn_title=&#8221;A\u00e7a\u00ed e cremes e sobremesas&#8221; hover_btn_style=&#8221;flat&#8221; hover_btn_color=&#8221;mulled-wine&#8221; hover_btn_size=&#8221;lg&#8221; hover_add_button=&#8221;true&#8221; hover_btn_link=&#8221;url:https%3A%2F%2Fwww.bemmaisalimentos.com.br%2Fsite%2Facai-e-cremes-e-sobremesas%2F&#8221;][\/vc_hoverbox][\/vc_column][\/vc_row][vc_row][vc_column][vc_empty_space height=&#8221;50px&#8221;][\/vc_column][\/vc_row][vc_row][vc_column][vc_column_text css=&#8221;&#8221;]<\/p>\n<h2 style=\"text-align: center;\">As pessoas dizem<\/h2>\n<p>[\/vc_column_text][\/vc_column][\/vc_row][vc_row full_width=&#8221;stretch_row_content&#8221;][vc_column width=&#8221;1\/4&#8243; offset=&#8221;vc_col-lg-offset-1&#8243;][vc_column_text css=&#8221;&#8221;]<\/p>\n<blockquote>\n<p style=\"text-align: center;\">Em geral toda a equipe est\u00e1 de Parab\u00e9ns, uma empresa que cada dia est\u00e1 crescendo junto com seus colaboradores.<\/p>\n<p style=\"text-align: center;\"><span style=\"color: #ff0000;\">Wilson Camargo<\/span><\/p>\n<\/blockquote>\n<p>[\/vc_column_text][\/vc_column][vc_column width=&#8221;1\/3&#8243;][vc_column_text css=&#8221;&#8221;]<\/p>\n<blockquote>\n<p style=\"text-align: center;\">Atendimento perfeito, profissionais competentes, produtos de alt\u00edssima qualidade. Variedades de batatas e polpas de frutas, mas o a\u00e7a\u00ed Bem Mais \u00e9 o melhor disparado, uma del\u00edcia, com frutas e leite condensado ent\u00e3o?! Fica perfeito!! Recomendo<\/p>\n<p style=\"text-align: center;\"><span style=\"color: #ff0000;\">Lucas Pedro<\/span><\/p>\n<\/blockquote>\n<p>[\/vc_column_text][\/vc_column][vc_column width=&#8221;1\/4&#8243;][vc_column_text css=&#8221;&#8221;]<\/p>\n<blockquote>\n<p style=\"text-align: center;\">\u00d3tima variedade, atendimento bom e com muita aten\u00e7\u00e3o, bons pre\u00e7os, ambiente limpo e agrad\u00e1vel, bem seguro. Recomendo<\/p>\n<p style=\"text-align: center;\"><span style=\"color: #ff0000;\">Edson Reis<\/span><\/p>\n<\/blockquote>\n<p>[\/vc_column_text][\/vc_column][\/vc_row][vc_row full_width=&#8221;stretch_row_content_no_spaces&#8221;][vc_column][vc_single_image image=&#8221;2191&#8243; img_size=&#8221;1250&#215;500&#8243; alignment=&#8221;center&#8221; css=&#8221;&#8221;][\/vc_column][\/vc_row]<\/p>\n<\/div>","protected":false},"excerpt":{"rendered":"<p>[vc_row][vc_column][\/vc_column][\/vc_row][vc_row][vc_column][vc_empty_space height=&#8221;25px&#8221;][\/vc_column][\/vc_row][vc_row full_width=&#8221;stretch_row_content&#8221;][vc_column width=&#8221;5\/12&#8243; offset=&#8221;vc_col-lg-offset-1&#8243;][vc_column_text css=&#8221;&#8221;] Marcas Parceiras [\/vc_column_text][vc_images_carousel images=&#8221;1171,1172,1169,1170,1173,1174,1175,1176,1167,1200,1201,1202,1203,1204,1205,1206,1207,1180,1181,1182,1183,1191,1190,1189,1188,1187,1186,1185,1184,1192,1193,1194,1195,1196,1197,1198,1199,1215,1214,1213,1211,1212,1210,1209,1208,1216,1217,1218,1219&#8243; img_size=&#8221;600&#215;600&#8243; speed=&#8221;3500&#8243; slides_per_view=&#8221;3&#8243; autoplay=&#8221;yes&#8221; hide_pagination_control=&#8221;yes&#8221; hide_prev_next_buttons=&#8221;yes&#8221; wrap=&#8221;yes&#8221; css_animation=&#8221;fadeInRight&#8221; css=&#8221;&#8221;][\/vc_column][vc_column width=&#8221;1\/3&#8243;][vc_column_text [&hellip;]<\/p>\n","protected":false},"author":1,"featured_media":0,"parent":0,"menu_order":0,"comment_status":"closed","ping_status":"closed","template":"","meta":{"site-sidebar-layout":"no-sidebar","site-content-layout":"plain-container","ast-site-content-layout":"default","site-content-style":"default","site-sidebar-style":"default","ast-global-header-display":"","ast-banner-title-visibility":"","ast-main-header-display":"","ast-hfb-above-header-display":"","ast-hfb-below-header-display":"","ast-hfb-mobile-header-display":"","site-post-title":"disabled","ast-breadcrumbs-content":"","ast-featured-img":"disabled","footer-sml-layout":"","theme-transparent-header-meta":"default","adv-header-id-meta":"","stick-header-meta":"","header-above-stick-meta":"","header-main-stick-meta":"","header-below-stick-meta":"","astra-migrate-meta-layouts":"set","ast-page-background-enabled":"default","ast-page-background-meta":{"desktop":{"background-color":"var(--ast-global-color-5)","background-image":"","background-repeat":"repeat","background-position":"center center","background-size":"auto","background-attachment":"scroll","background-type":"","background-media":"","overlay-type":"","overlay-color":"","overlay-opacity":"","overlay-gradient":""},"tablet":{"background-color":"","background-image":"","background-repeat":"repeat","background-position":"center center","background-size":"auto","background-attachment":"scroll","background-type":"","background-media":"","overlay-type":"","overlay-color":"","overlay-opacity":"","overlay-gradient":""},"mobile":{"background-color":"","background-image":"","background-repeat":"repeat","background-position":"center center","background-size":"auto","background-attachment":"scroll","background-type":"","background-media":"","overlay-type":"","overlay-color":"","overlay-opacity":"","overlay-gradient":""}},"ast-content-background-meta":{"desktop":{"background-color":"var(--ast-global-color-4)","background-image":"","background-repeat":"repeat","background-position":"center center","background-size":"auto","background-attachment":"scroll","background-type":"","background-media":"","overlay-type":"","overlay-color":"","overlay-opacity":"","overlay-gradient":""},"tablet":{"background-color":"var(--ast-global-color-4)","background-image":"","background-repeat":"repeat","background-position":"center center","background-size":"auto","background-attachment":"scroll","background-type":"","background-media":"","overlay-type":"","overlay-color":"","overlay-opacity":"","overlay-gradient":""},"mobile":{"background-color":"var(--ast-global-color-4)","background-image":"","background-repeat":"repeat","background-position":"center center","background-size":"auto","background-attachment":"scroll","background-type":"","background-media":"","overlay-type":"","overlay-color":"","overlay-opacity":"","overlay-gradient":""}},"footnotes":""},"class_list":["post-949","page","type-page","status-publish","hentry"],"yoast_head":"<!-- This site is optimized with the Yoast SEO plugin v25.3.1 - https:\/\/yoast.com\/wordpress\/plugins\/seo\/ -->\n<title>Bem Mais Distribuidora de Alimentos -<\/title>\n<meta name=\"robots\" content=\"index, follow, max-snippet:-1, max-image-preview:large, max-video-preview:-1\" \/>\n<link rel=\"canonical\" href=\"https:\/\/www.bemmaisalimentos.com.br\/site\/\" \/>\n<meta property=\"og:locale\" content=\"pt_BR\" \/>\n<meta property=\"og:type\" content=\"article\" \/>\n<meta property=\"og:title\" content=\"Bem Mais Distribuidora de Alimentos -\" \/>\n<meta property=\"og:description\" content=\"[vc_row][vc_column][\/vc_column][\/vc_row][vc_row][vc_column][vc_empty_space height=&#8221;25px&#8221;][\/vc_column][\/vc_row][vc_row full_width=&#8221;stretch_row_content&#8221;][vc_column width=&#8221;5\/12&#8243; offset=&#8221;vc_col-lg-offset-1&#8243;][vc_column_text css=&#8221;&#8221;] Marcas Parceiras [\/vc_column_text][vc_images_carousel images=&#8221;1171,1172,1169,1170,1173,1174,1175,1176,1167,1200,1201,1202,1203,1204,1205,1206,1207,1180,1181,1182,1183,1191,1190,1189,1188,1187,1186,1185,1184,1192,1193,1194,1195,1196,1197,1198,1199,1215,1214,1213,1211,1212,1210,1209,1208,1216,1217,1218,1219&#8243; img_size=&#8221;600&#215;600&#8243; speed=&#8221;3500&#8243; slides_per_view=&#8221;3&#8243; autoplay=&#8221;yes&#8221; hide_pagination_control=&#8221;yes&#8221; hide_prev_next_buttons=&#8221;yes&#8221; wrap=&#8221;yes&#8221; css_animation=&#8221;fadeInRight&#8221; css=&#8221;&#8221;][\/vc_column][vc_column width=&#8221;1\/3&#8243;][vc_column_text [&hellip;]\" \/>\n<meta property=\"og:url\" content=\"https:\/\/www.bemmaisalimentos.com.br\/site\/\" \/>\n<meta property=\"article:publisher\" content=\"https:\/\/www.facebook.com\/bemmaisalimentos\/?locale=pt_BR\" \/>\n<meta property=\"article:modified_time\" content=\"2026-02-11T12:42:30+00:00\" \/>\n<meta name=\"twitter:card\" content=\"summary_large_image\" \/>\n<meta name=\"twitter:label1\" content=\"Est. tempo de leitura\" \/>\n\t<meta name=\"twitter:data1\" content=\"3 minutos\" \/>\n<script type=\"application\/ld+json\" class=\"yoast-schema-graph\">{\"@context\":\"https:\/\/schema.org\",\"@graph\":[{\"@type\":\"WebPage\",\"@id\":\"https:\/\/www.bemmaisalimentos.com.br\/site\/\",\"url\":\"https:\/\/www.bemmaisalimentos.com.br\/site\/\",\"name\":\"Bem Mais Distribuidora de Alimentos -\",\"isPartOf\":{\"@id\":\"https:\/\/www.bemmaisalimentos.com.br\/site\/#website\"},\"datePublished\":\"2019-02-01T02:00:24+00:00\",\"dateModified\":\"2026-02-11T12:42:30+00:00\",\"breadcrumb\":{\"@id\":\"https:\/\/www.bemmaisalimentos.com.br\/site\/#breadcrumb\"},\"inLanguage\":\"pt-BR\",\"potentialAction\":[{\"@type\":\"ReadAction\",\"target\":[\"https:\/\/www.bemmaisalimentos.com.br\/site\/\"]}]},{\"@type\":\"BreadcrumbList\",\"@id\":\"https:\/\/www.bemmaisalimentos.com.br\/site\/#breadcrumb\",\"itemListElement\":[{\"@type\":\"ListItem\",\"position\":1,\"name\":\"In\u00edcio\",\"item\":\"https:\/\/www.bemmaisalimentos.com.br\/site\/\"},{\"@type\":\"ListItem\",\"position\":2,\"name\":\"Bem Mais Distribuidora de Alimentos\"}]},{\"@type\":\"WebSite\",\"@id\":\"https:\/\/www.bemmaisalimentos.com.br\/site\/#website\",\"url\":\"https:\/\/www.bemmaisalimentos.com.br\/site\/\",\"name\":\"Bem Mais Alimentos | Distribuidora de Alimentos\u00a0no\u00a0Paran\u00e1\",\"description\":\"\",\"publisher\":{\"@id\":\"https:\/\/www.bemmaisalimentos.com.br\/site\/#organization\"},\"potentialAction\":[{\"@type\":\"SearchAction\",\"target\":{\"@type\":\"EntryPoint\",\"urlTemplate\":\"https:\/\/www.bemmaisalimentos.com.br\/site\/?s={search_term_string}\"},\"query-input\":{\"@type\":\"PropertyValueSpecification\",\"valueRequired\":true,\"valueName\":\"search_term_string\"}}],\"inLanguage\":\"pt-BR\"},{\"@type\":\"Organization\",\"@id\":\"https:\/\/www.bemmaisalimentos.com.br\/site\/#organization\",\"name\":\"Bem Mais Alimentos | Distribuidora de Alimentos\u00a0no\u00a0Paran\u00e1\",\"url\":\"https:\/\/www.bemmaisalimentos.com.br\/site\/\",\"logo\":{\"@type\":\"ImageObject\",\"inLanguage\":\"pt-BR\",\"@id\":\"https:\/\/www.bemmaisalimentos.com.br\/site\/#\/schema\/logo\/image\/\",\"url\":\"https:\/\/www.bemmaisalimentos.com.br\/site\/wp-content\/uploads\/2025\/03\/FEVEREIRO-51.jpg\",\"contentUrl\":\"https:\/\/www.bemmaisalimentos.com.br\/site\/wp-content\/uploads\/2025\/03\/FEVEREIRO-51.jpg\",\"width\":150,\"height\":93,\"caption\":\"Bem Mais Alimentos | Distribuidora de Alimentos\u00a0no\u00a0Paran\u00e1\"},\"image\":{\"@id\":\"https:\/\/www.bemmaisalimentos.com.br\/site\/#\/schema\/logo\/image\/\"},\"sameAs\":[\"https:\/\/www.facebook.com\/bemmaisalimentos\/?locale=pt_BR\",\"https:\/\/www.instagram.com\/bemmaisalimentos\/\"]}]}<\/script>\n<!-- \/ Yoast SEO plugin. -->","yoast_head_json":{"title":"Bem Mais Distribuidora de Alimentos -","robots":{"index":"index","follow":"follow","max-snippet":"max-snippet:-1","max-image-preview":"max-image-preview:large","max-video-preview":"max-video-preview:-1"},"canonical":"https:\/\/www.bemmaisalimentos.com.br\/site\/","og_locale":"pt_BR","og_type":"article","og_title":"Bem Mais Distribuidora de Alimentos -","og_description":"[vc_row][vc_column][\/vc_column][\/vc_row][vc_row][vc_column][vc_empty_space height=&#8221;25px&#8221;][\/vc_column][\/vc_row][vc_row full_width=&#8221;stretch_row_content&#8221;][vc_column width=&#8221;5\/12&#8243; offset=&#8221;vc_col-lg-offset-1&#8243;][vc_column_text css=&#8221;&#8221;] Marcas Parceiras [\/vc_column_text][vc_images_carousel images=&#8221;1171,1172,1169,1170,1173,1174,1175,1176,1167,1200,1201,1202,1203,1204,1205,1206,1207,1180,1181,1182,1183,1191,1190,1189,1188,1187,1186,1185,1184,1192,1193,1194,1195,1196,1197,1198,1199,1215,1214,1213,1211,1212,1210,1209,1208,1216,1217,1218,1219&#8243; img_size=&#8221;600&#215;600&#8243; speed=&#8221;3500&#8243; slides_per_view=&#8221;3&#8243; autoplay=&#8221;yes&#8221; hide_pagination_control=&#8221;yes&#8221; hide_prev_next_buttons=&#8221;yes&#8221; wrap=&#8221;yes&#8221; css_animation=&#8221;fadeInRight&#8221; css=&#8221;&#8221;][\/vc_column][vc_column width=&#8221;1\/3&#8243;][vc_column_text [&hellip;]","og_url":"https:\/\/www.bemmaisalimentos.com.br\/site\/","article_publisher":"https:\/\/www.facebook.com\/bemmaisalimentos\/?locale=pt_BR","article_modified_time":"2026-02-11T12:42:30+00:00","twitter_card":"summary_large_image","twitter_misc":{"Est. tempo de leitura":"3 minutos"},"schema":{"@context":"https:\/\/schema.org","@graph":[{"@type":"WebPage","@id":"https:\/\/www.bemmaisalimentos.com.br\/site\/","url":"https:\/\/www.bemmaisalimentos.com.br\/site\/","name":"Bem Mais Distribuidora de Alimentos -","isPartOf":{"@id":"https:\/\/www.bemmaisalimentos.com.br\/site\/#website"},"datePublished":"2019-02-01T02:00:24+00:00","dateModified":"2026-02-11T12:42:30+00:00","breadcrumb":{"@id":"https:\/\/www.bemmaisalimentos.com.br\/site\/#breadcrumb"},"inLanguage":"pt-BR","potentialAction":[{"@type":"ReadAction","target":["https:\/\/www.bemmaisalimentos.com.br\/site\/"]}]},{"@type":"BreadcrumbList","@id":"https:\/\/www.bemmaisalimentos.com.br\/site\/#breadcrumb","itemListElement":[{"@type":"ListItem","position":1,"name":"In\u00edcio","item":"https:\/\/www.bemmaisalimentos.com.br\/site\/"},{"@type":"ListItem","position":2,"name":"Bem Mais Distribuidora de Alimentos"}]},{"@type":"WebSite","@id":"https:\/\/www.bemmaisalimentos.com.br\/site\/#website","url":"https:\/\/www.bemmaisalimentos.com.br\/site\/","name":"Bem Mais Alimentos | Distribuidora de Alimentos\u00a0no\u00a0Paran\u00e1","description":"","publisher":{"@id":"https:\/\/www.bemmaisalimentos.com.br\/site\/#organization"},"potentialAction":[{"@type":"SearchAction","target":{"@type":"EntryPoint","urlTemplate":"https:\/\/www.bemmaisalimentos.com.br\/site\/?s={search_term_string}"},"query-input":{"@type":"PropertyValueSpecification","valueRequired":true,"valueName":"search_term_string"}}],"inLanguage":"pt-BR"},{"@type":"Organization","@id":"https:\/\/www.bemmaisalimentos.com.br\/site\/#organization","name":"Bem Mais Alimentos | Distribuidora de Alimentos\u00a0no\u00a0Paran\u00e1","url":"https:\/\/www.bemmaisalimentos.com.br\/site\/","logo":{"@type":"ImageObject","inLanguage":"pt-BR","@id":"https:\/\/www.bemmaisalimentos.com.br\/site\/#\/schema\/logo\/image\/","url":"https:\/\/www.bemmaisalimentos.com.br\/site\/wp-content\/uploads\/2025\/03\/FEVEREIRO-51.jpg","contentUrl":"https:\/\/www.bemmaisalimentos.com.br\/site\/wp-content\/uploads\/2025\/03\/FEVEREIRO-51.jpg","width":150,"height":93,"caption":"Bem Mais Alimentos | Distribuidora de Alimentos\u00a0no\u00a0Paran\u00e1"},"image":{"@id":"https:\/\/www.bemmaisalimentos.com.br\/site\/#\/schema\/logo\/image\/"},"sameAs":["https:\/\/www.facebook.com\/bemmaisalimentos\/?locale=pt_BR","https:\/\/www.instagram.com\/bemmaisalimentos\/"]}]}},"_links":{"self":[{"href":"https:\/\/www.bemmaisalimentos.com.br\/site\/wp-json\/wp\/v2\/pages\/949","targetHints":{"allow":["GET"]}}],"collection":[{"href":"https:\/\/www.bemmaisalimentos.com.br\/site\/wp-json\/wp\/v2\/pages"}],"about":[{"href":"https:\/\/www.bemmaisalimentos.com.br\/site\/wp-json\/wp\/v2\/types\/page"}],"author":[{"embeddable":true,"href":"https:\/\/www.bemmaisalimentos.com.br\/site\/wp-json\/wp\/v2\/users\/1"}],"replies":[{"embeddable":true,"href":"https:\/\/www.bemmaisalimentos.com.br\/site\/wp-json\/wp\/v2\/comments?post=949"}],"version-history":[{"count":428,"href":"https:\/\/www.bemmaisalimentos.com.br\/site\/wp-json\/wp\/v2\/pages\/949\/revisions"}],"predecessor-version":[{"id":2209,"href":"https:\/\/www.bemmaisalimentos.com.br\/site\/wp-json\/wp\/v2\/pages\/949\/revisions\/2209"}],"wp:attachment":[{"href":"https:\/\/www.bemmaisalimentos.com.br\/site\/wp-json\/wp\/v2\/media?parent=949"}],"curies":[{"name":"wp","href":"https:\/\/api.w.org\/{rel}","templated":true}]}}