{"id":35,"date":"2025-01-27T16:09:01","date_gmt":"2025-01-27T19:09:01","guid":{"rendered":"https:\/\/www.bemmaisalimentos.com.br\/site\/?page_id=35"},"modified":"2025-12-16T11:03:48","modified_gmt":"2025-12-16T14:03:48","slug":"grande-curitiba-litoral-paranaense-ponta-grossa-itapoa","status":"publish","type":"page","link":"https:\/\/www.bemmaisalimentos.com.br\/site\/grande-curitiba-litoral-paranaense-ponta-grossa-itapoa\/","title":{"rendered":"Regi\u00f5es atendidas"},"content":{"rendered":"<div class=\"wpb-content-wrapper\"><p>[vc_row][vc_column][vc_empty_space height=&#8221;20px&#8221;][\/vc_column][\/vc_row][vc_row][vc_column][vc_column_text css=&#8221;&#8221;]<\/p>\n<h2>Regi\u00f5es atendidas<\/h2>\n<p>[\/vc_column_text][\/vc_column][\/vc_row][vc_row full_width=&#8221;stretch_row_content&#8221;][vc_column offset=&#8221;vc_col-lg-offset-1&#8243;][vc_column_text css=&#8221;.vc_custom_1765893809389{margin-right: 100px !important;}&#8221;]<\/p>\n<div class=\"wp-block-media-text alignwide is-stacked-on-mobile\" style=\"grid-template-columns: 48% auto;\">\n<figure class=\"wp-block-media-text__media\"><img loading=\"lazy\" decoding=\"async\" class=\"alignnone wp-image-3331 size-medium\" src=\"https:\/\/www.bemmaisalimentos.com.br\/site\/wp-content\/uploads\/2025\/12\/Entregas-rapidas-e-personalizadas-300x168.png\" alt=\"Entregas r\u00e1pidas e personalizadas\" width=\"300\" height=\"168\" srcset=\"https:\/\/www.bemmaisalimentos.com.br\/site\/wp-content\/uploads\/2025\/12\/Entregas-rapidas-e-personalizadas-300x168.png 300w, https:\/\/www.bemmaisalimentos.com.br\/site\/wp-content\/uploads\/2025\/12\/Entregas-rapidas-e-personalizadas-1024x573.png 1024w, https:\/\/www.bemmaisalimentos.com.br\/site\/wp-content\/uploads\/2025\/12\/Entregas-rapidas-e-personalizadas-768x430.png 768w, https:\/\/www.bemmaisalimentos.com.br\/site\/wp-content\/uploads\/2025\/12\/Entregas-rapidas-e-personalizadas-600x336.png 600w, https:\/\/www.bemmaisalimentos.com.br\/site\/wp-content\/uploads\/2025\/12\/Entregas-rapidas-e-personalizadas.png 1250w\" sizes=\"auto, (max-width: 300px) 100vw, 300px\" \/><\/figure>\n<div class=\"wp-block-media-text__content\">\n<h4><strong>A Bem Mais vai at\u00e9 voc\u00ea!<\/strong><\/h4>\n<p>Atendemos <strong>CURITIBA E REGI\u00c3O METROPOLITANA, LITORAL PR, PONTA GROSSA, <\/strong><strong style=\"font-size: 16px;\">PALMEIRA, CASTRO, CARAMBE\u00cd e ITAPO\u00c1-SC!<\/strong><\/p>\n<p>Com <strong data-start=\"221\" data-end=\"238\">frota pr\u00f3pria<\/strong>, garantimos <strong data-start=\"251\" data-end=\"288\">entregas r\u00e1pidas e personalizadas<\/strong>, pensadas para impulsionar o sucesso do seu neg\u00f3cio.<\/p>\n<\/div>\n<div class=\"wp-block-media-text__content\">\n<h5><\/h5>\n<\/div>\n<\/div>\n<p>[\/vc_column_text][\/vc_column][\/vc_row][vc_row][vc_column][vc_cta h2=&#8221;&#8221; h4=&#8221;Funcionamento da ordem de pedido&#8221; style=&#8221;3d&#8221; css=&#8221;&#8221;]\ud83d\uded2 Pedido Realizado \u2192 \ud83e\udd1d Confirmac\u0327a\u0303o \u2192\ud83d\udce6 Separac\u0327a\u0303o \u2192 \ud83d\ude9b Entrega \u2192 \u2705 Pedido Conclui\u0301do[\/vc_cta][\/vc_column][\/vc_row]<\/p>\n<\/div>","protected":false},"excerpt":{"rendered":"<p>[vc_row][vc_column][vc_empty_space height=&#8221;20px&#8221;][\/vc_column][\/vc_row][vc_row][vc_column][vc_column_text css=&#8221;&#8221;] Regi\u00f5es atendidas [\/vc_column_text][\/vc_column][\/vc_row][vc_row full_width=&#8221;stretch_row_content&#8221;][vc_column offset=&#8221;vc_col-lg-offset-1&#8243;][vc_column_text css=&#8221;.vc_custom_1765893809389{margin-right: 100px !important;}&#8221;] A Bem Mais vai at\u00e9 voc\u00ea! Atendemos CURITIBA E [&hellip;]<\/p>\n","protected":false},"author":1,"featured_media":0,"parent":0,"menu_order":0,"comment_status":"closed","ping_status":"closed","template":"","meta":{"site-sidebar-layout":"no-sidebar","site-content-layout":"plain-container","ast-site-content-layout":"default","site-content-style":"default","site-sidebar-style":"default","ast-global-header-display":"","ast-banner-title-visibility":"","ast-main-header-display":"","ast-hfb-above-header-display":"","ast-hfb-below-header-display":"","ast-hfb-mobile-header-display":"","site-post-title":"disabled","ast-breadcrumbs-content":"","ast-featured-img":"disabled","footer-sml-layout":"","theme-transparent-header-meta":"default","adv-header-id-meta":"","stick-header-meta":"","header-above-stick-meta":"","header-main-stick-meta":"","header-below-stick-meta":"","astra-migrate-meta-layouts":"set","ast-page-background-enabled":"default","ast-page-background-meta":{"desktop":{"background-color":"var(--ast-global-color-5)","background-image":"","background-repeat":"repeat","background-position":"center center","background-size":"auto","background-attachment":"scroll","background-type":"","background-media":"","overlay-type":"","overlay-color":"","overlay-opacity":"","overlay-gradient":""},"tablet":{"background-color":"","background-image":"","background-repeat":"repeat","background-position":"center center","background-size":"auto","background-attachment":"scroll","background-type":"","background-media":"","overlay-type":"","overlay-color":"","overlay-opacity":"","overlay-gradient":""},"mobile":{"background-color":"","background-image":"","background-repeat":"repeat","background-position":"center center","background-size":"auto","background-attachment":"scroll","background-type":"","background-media":"","overlay-type":"","overlay-color":"","overlay-opacity":"","overlay-gradient":""}},"ast-content-background-meta":{"desktop":{"background-color":"var(--ast-global-color-4)","background-image":"","background-repeat":"repeat","background-position":"center center","background-size":"auto","background-attachment":"scroll","background-type":"","background-media":"","overlay-type":"","overlay-color":"","overlay-opacity":"","overlay-gradient":""},"tablet":{"background-color":"var(--ast-global-color-4)","background-image":"","background-repeat":"repeat","background-position":"center center","background-size":"auto","background-attachment":"scroll","background-type":"","background-media":"","overlay-type":"","overlay-color":"","overlay-opacity":"","overlay-gradient":""},"mobile":{"background-color":"var(--ast-global-color-4)","background-image":"","background-repeat":"repeat","background-position":"center center","background-size":"auto","background-attachment":"scroll","background-type":"","background-media":"","overlay-type":"","overlay-color":"","overlay-opacity":"","overlay-gradient":""}},"footnotes":""},"class_list":["post-35","page","type-page","status-publish","hentry"],"yoast_head":"<!-- This site is optimized with the Yoast SEO plugin v25.3.1 - https:\/\/yoast.com\/wordpress\/plugins\/seo\/ -->\n<title>Regi\u00f5es atendidas -<\/title>\n<meta name=\"description\" content=\"Grande Curitiba, litoral paranaense, Ponta Grossa, Itapo\u00e1\" \/>\n<meta name=\"robots\" content=\"index, follow, max-snippet:-1, max-image-preview:large, max-video-preview:-1\" \/>\n<link rel=\"canonical\" href=\"https:\/\/www.bemmaisalimentos.com.br\/site\/grande-curitiba-litoral-paranaense-ponta-grossa-itapoa\/\" \/>\n<meta property=\"og:locale\" content=\"pt_BR\" \/>\n<meta property=\"og:type\" content=\"article\" \/>\n<meta property=\"og:title\" content=\"Regi\u00f5es atendidas -\" \/>\n<meta property=\"og:description\" content=\"Grande Curitiba, litoral paranaense, Ponta Grossa, Itapo\u00e1\" \/>\n<meta property=\"og:url\" content=\"https:\/\/www.bemmaisalimentos.com.br\/site\/grande-curitiba-litoral-paranaense-ponta-grossa-itapoa\/\" \/>\n<meta property=\"article:publisher\" content=\"https:\/\/www.facebook.com\/bemmaisalimentos\/?locale=pt_BR\" \/>\n<meta property=\"article:modified_time\" content=\"2025-12-16T14:03:48+00:00\" \/>\n<meta property=\"og:image\" content=\"https:\/\/www.bemmaisalimentos.com.br\/site\/wp-content\/uploads\/2025\/12\/Entregas-rapidas-e-personalizadas.png\" \/>\n\t<meta property=\"og:image:width\" content=\"1250\" \/>\n\t<meta property=\"og:image:height\" content=\"700\" \/>\n\t<meta property=\"og:image:type\" content=\"image\/png\" \/>\n<meta name=\"twitter:card\" content=\"summary_large_image\" \/>\n<meta name=\"twitter:label1\" content=\"Est. tempo de leitura\" \/>\n\t<meta name=\"twitter:data1\" content=\"1 minuto\" \/>\n<script type=\"application\/ld+json\" class=\"yoast-schema-graph\">{\"@context\":\"https:\/\/schema.org\",\"@graph\":[{\"@type\":\"WebPage\",\"@id\":\"https:\/\/www.bemmaisalimentos.com.br\/site\/grande-curitiba-litoral-paranaense-ponta-grossa-itapoa\/\",\"url\":\"https:\/\/www.bemmaisalimentos.com.br\/site\/grande-curitiba-litoral-paranaense-ponta-grossa-itapoa\/\",\"name\":\"Regi\u00f5es atendidas -\",\"isPartOf\":{\"@id\":\"https:\/\/www.bemmaisalimentos.com.br\/site\/#website\"},\"primaryImageOfPage\":{\"@id\":\"https:\/\/www.bemmaisalimentos.com.br\/site\/grande-curitiba-litoral-paranaense-ponta-grossa-itapoa\/#primaryimage\"},\"image\":{\"@id\":\"https:\/\/www.bemmaisalimentos.com.br\/site\/grande-curitiba-litoral-paranaense-ponta-grossa-itapoa\/#primaryimage\"},\"thumbnailUrl\":\"https:\/\/www.bemmaisalimentos.com.br\/site\/wp-content\/uploads\/2025\/12\/Entregas-rapidas-e-personalizadas-300x168.png\",\"datePublished\":\"2025-01-27T19:09:01+00:00\",\"dateModified\":\"2025-12-16T14:03:48+00:00\",\"description\":\"Grande Curitiba, litoral paranaense, Ponta Grossa, Itapo\u00e1\",\"breadcrumb\":{\"@id\":\"https:\/\/www.bemmaisalimentos.com.br\/site\/grande-curitiba-litoral-paranaense-ponta-grossa-itapoa\/#breadcrumb\"},\"inLanguage\":\"pt-BR\",\"potentialAction\":[{\"@type\":\"ReadAction\",\"target\":[\"https:\/\/www.bemmaisalimentos.com.br\/site\/grande-curitiba-litoral-paranaense-ponta-grossa-itapoa\/\"]}]},{\"@type\":\"ImageObject\",\"inLanguage\":\"pt-BR\",\"@id\":\"https:\/\/www.bemmaisalimentos.com.br\/site\/grande-curitiba-litoral-paranaense-ponta-grossa-itapoa\/#primaryimage\",\"url\":\"https:\/\/www.bemmaisalimentos.com.br\/site\/wp-content\/uploads\/2025\/12\/Entregas-rapidas-e-personalizadas.png\",\"contentUrl\":\"https:\/\/www.bemmaisalimentos.com.br\/site\/wp-content\/uploads\/2025\/12\/Entregas-rapidas-e-personalizadas.png\",\"width\":1250,\"height\":700,\"caption\":\"CURITIBA E REGI\u00c3O METROPOLITANA, LITORAL PR, PONTA GROSSA, PALMEIRA, CASTRO, CARAMBE\u00cd e ITAPO\u00c1-SC\"},{\"@type\":\"BreadcrumbList\",\"@id\":\"https:\/\/www.bemmaisalimentos.com.br\/site\/grande-curitiba-litoral-paranaense-ponta-grossa-itapoa\/#breadcrumb\",\"itemListElement\":[{\"@type\":\"ListItem\",\"position\":1,\"name\":\"In\u00edcio\",\"item\":\"https:\/\/www.bemmaisalimentos.com.br\/site\/\"},{\"@type\":\"ListItem\",\"position\":2,\"name\":\"Regi\u00f5es atendidas\"}]},{\"@type\":\"WebSite\",\"@id\":\"https:\/\/www.bemmaisalimentos.com.br\/site\/#website\",\"url\":\"https:\/\/www.bemmaisalimentos.com.br\/site\/\",\"name\":\"Bem Mais Alimentos | Distribuidora de Alimentos\u00a0no\u00a0Paran\u00e1\",\"description\":\"\",\"publisher\":{\"@id\":\"https:\/\/www.bemmaisalimentos.com.br\/site\/#organization\"},\"potentialAction\":[{\"@type\":\"SearchAction\",\"target\":{\"@type\":\"EntryPoint\",\"urlTemplate\":\"https:\/\/www.bemmaisalimentos.com.br\/site\/?s={search_term_string}\"},\"query-input\":{\"@type\":\"PropertyValueSpecification\",\"valueRequired\":true,\"valueName\":\"search_term_string\"}}],\"inLanguage\":\"pt-BR\"},{\"@type\":\"Organization\",\"@id\":\"https:\/\/www.bemmaisalimentos.com.br\/site\/#organization\",\"name\":\"Bem Mais Alimentos | Distribuidora de Alimentos\u00a0no\u00a0Paran\u00e1\",\"url\":\"https:\/\/www.bemmaisalimentos.com.br\/site\/\",\"logo\":{\"@type\":\"ImageObject\",\"inLanguage\":\"pt-BR\",\"@id\":\"https:\/\/www.bemmaisalimentos.com.br\/site\/#\/schema\/logo\/image\/\",\"url\":\"https:\/\/www.bemmaisalimentos.com.br\/site\/wp-content\/uploads\/2025\/03\/FEVEREIRO-51.jpg\",\"contentUrl\":\"https:\/\/www.bemmaisalimentos.com.br\/site\/wp-content\/uploads\/2025\/03\/FEVEREIRO-51.jpg\",\"width\":150,\"height\":93,\"caption\":\"Bem Mais Alimentos | Distribuidora de Alimentos\u00a0no\u00a0Paran\u00e1\"},\"image\":{\"@id\":\"https:\/\/www.bemmaisalimentos.com.br\/site\/#\/schema\/logo\/image\/\"},\"sameAs\":[\"https:\/\/www.facebook.com\/bemmaisalimentos\/?locale=pt_BR\",\"https:\/\/www.instagram.com\/bemmaisalimentos\/\"]}]}<\/script>\n<!-- \/ Yoast SEO plugin. -->","yoast_head_json":{"title":"Regi\u00f5es atendidas -","description":"Grande Curitiba, litoral paranaense, Ponta Grossa, Itapo\u00e1","robots":{"index":"index","follow":"follow","max-snippet":"max-snippet:-1","max-image-preview":"max-image-preview:large","max-video-preview":"max-video-preview:-1"},"canonical":"https:\/\/www.bemmaisalimentos.com.br\/site\/grande-curitiba-litoral-paranaense-ponta-grossa-itapoa\/","og_locale":"pt_BR","og_type":"article","og_title":"Regi\u00f5es atendidas -","og_description":"Grande Curitiba, litoral paranaense, Ponta Grossa, Itapo\u00e1","og_url":"https:\/\/www.bemmaisalimentos.com.br\/site\/grande-curitiba-litoral-paranaense-ponta-grossa-itapoa\/","article_publisher":"https:\/\/www.facebook.com\/bemmaisalimentos\/?locale=pt_BR","article_modified_time":"2025-12-16T14:03:48+00:00","og_image":[{"width":1250,"height":700,"url":"https:\/\/www.bemmaisalimentos.com.br\/site\/wp-content\/uploads\/2025\/12\/Entregas-rapidas-e-personalizadas.png","type":"image\/png"}],"twitter_card":"summary_large_image","twitter_misc":{"Est. tempo de leitura":"1 minuto"},"schema":{"@context":"https:\/\/schema.org","@graph":[{"@type":"WebPage","@id":"https:\/\/www.bemmaisalimentos.com.br\/site\/grande-curitiba-litoral-paranaense-ponta-grossa-itapoa\/","url":"https:\/\/www.bemmaisalimentos.com.br\/site\/grande-curitiba-litoral-paranaense-ponta-grossa-itapoa\/","name":"Regi\u00f5es atendidas -","isPartOf":{"@id":"https:\/\/www.bemmaisalimentos.com.br\/site\/#website"},"primaryImageOfPage":{"@id":"https:\/\/www.bemmaisalimentos.com.br\/site\/grande-curitiba-litoral-paranaense-ponta-grossa-itapoa\/#primaryimage"},"image":{"@id":"https:\/\/www.bemmaisalimentos.com.br\/site\/grande-curitiba-litoral-paranaense-ponta-grossa-itapoa\/#primaryimage"},"thumbnailUrl":"https:\/\/www.bemmaisalimentos.com.br\/site\/wp-content\/uploads\/2025\/12\/Entregas-rapidas-e-personalizadas-300x168.png","datePublished":"2025-01-27T19:09:01+00:00","dateModified":"2025-12-16T14:03:48+00:00","description":"Grande Curitiba, litoral paranaense, Ponta Grossa, Itapo\u00e1","breadcrumb":{"@id":"https:\/\/www.bemmaisalimentos.com.br\/site\/grande-curitiba-litoral-paranaense-ponta-grossa-itapoa\/#breadcrumb"},"inLanguage":"pt-BR","potentialAction":[{"@type":"ReadAction","target":["https:\/\/www.bemmaisalimentos.com.br\/site\/grande-curitiba-litoral-paranaense-ponta-grossa-itapoa\/"]}]},{"@type":"ImageObject","inLanguage":"pt-BR","@id":"https:\/\/www.bemmaisalimentos.com.br\/site\/grande-curitiba-litoral-paranaense-ponta-grossa-itapoa\/#primaryimage","url":"https:\/\/www.bemmaisalimentos.com.br\/site\/wp-content\/uploads\/2025\/12\/Entregas-rapidas-e-personalizadas.png","contentUrl":"https:\/\/www.bemmaisalimentos.com.br\/site\/wp-content\/uploads\/2025\/12\/Entregas-rapidas-e-personalizadas.png","width":1250,"height":700,"caption":"CURITIBA E REGI\u00c3O METROPOLITANA, LITORAL PR, PONTA GROSSA, PALMEIRA, CASTRO, CARAMBE\u00cd e ITAPO\u00c1-SC"},{"@type":"BreadcrumbList","@id":"https:\/\/www.bemmaisalimentos.com.br\/site\/grande-curitiba-litoral-paranaense-ponta-grossa-itapoa\/#breadcrumb","itemListElement":[{"@type":"ListItem","position":1,"name":"In\u00edcio","item":"https:\/\/www.bemmaisalimentos.com.br\/site\/"},{"@type":"ListItem","position":2,"name":"Regi\u00f5es atendidas"}]},{"@type":"WebSite","@id":"https:\/\/www.bemmaisalimentos.com.br\/site\/#website","url":"https:\/\/www.bemmaisalimentos.com.br\/site\/","name":"Bem Mais Alimentos | Distribuidora de Alimentos\u00a0no\u00a0Paran\u00e1","description":"","publisher":{"@id":"https:\/\/www.bemmaisalimentos.com.br\/site\/#organization"},"potentialAction":[{"@type":"SearchAction","target":{"@type":"EntryPoint","urlTemplate":"https:\/\/www.bemmaisalimentos.com.br\/site\/?s={search_term_string}"},"query-input":{"@type":"PropertyValueSpecification","valueRequired":true,"valueName":"search_term_string"}}],"inLanguage":"pt-BR"},{"@type":"Organization","@id":"https:\/\/www.bemmaisalimentos.com.br\/site\/#organization","name":"Bem Mais Alimentos | Distribuidora de Alimentos\u00a0no\u00a0Paran\u00e1","url":"https:\/\/www.bemmaisalimentos.com.br\/site\/","logo":{"@type":"ImageObject","inLanguage":"pt-BR","@id":"https:\/\/www.bemmaisalimentos.com.br\/site\/#\/schema\/logo\/image\/","url":"https:\/\/www.bemmaisalimentos.com.br\/site\/wp-content\/uploads\/2025\/03\/FEVEREIRO-51.jpg","contentUrl":"https:\/\/www.bemmaisalimentos.com.br\/site\/wp-content\/uploads\/2025\/03\/FEVEREIRO-51.jpg","width":150,"height":93,"caption":"Bem Mais Alimentos | Distribuidora de Alimentos\u00a0no\u00a0Paran\u00e1"},"image":{"@id":"https:\/\/www.bemmaisalimentos.com.br\/site\/#\/schema\/logo\/image\/"},"sameAs":["https:\/\/www.facebook.com\/bemmaisalimentos\/?locale=pt_BR","https:\/\/www.instagram.com\/bemmaisalimentos\/"]}]}},"_links":{"self":[{"href":"https:\/\/www.bemmaisalimentos.com.br\/site\/wp-json\/wp\/v2\/pages\/35","targetHints":{"allow":["GET"]}}],"collection":[{"href":"https:\/\/www.bemmaisalimentos.com.br\/site\/wp-json\/wp\/v2\/pages"}],"about":[{"href":"https:\/\/www.bemmaisalimentos.com.br\/site\/wp-json\/wp\/v2\/types\/page"}],"author":[{"embeddable":true,"href":"https:\/\/www.bemmaisalimentos.com.br\/site\/wp-json\/wp\/v2\/users\/1"}],"replies":[{"embeddable":true,"href":"https:\/\/www.bemmaisalimentos.com.br\/site\/wp-json\/wp\/v2\/comments?post=35"}],"version-history":[{"count":67,"href":"https:\/\/www.bemmaisalimentos.com.br\/site\/wp-json\/wp\/v2\/pages\/35\/revisions"}],"predecessor-version":[{"id":3332,"href":"https:\/\/www.bemmaisalimentos.com.br\/site\/wp-json\/wp\/v2\/pages\/35\/revisions\/3332"}],"wp:attachment":[{"href":"https:\/\/www.bemmaisalimentos.com.br\/site\/wp-json\/wp\/v2\/media?parent=35"}],"curies":[{"name":"wp","href":"https:\/\/api.w.org\/{rel}","templated":true}]}}