{"id":34,"date":"2025-01-27T16:06:52","date_gmt":"2025-01-27T19:06:52","guid":{"rendered":"https:\/\/www.bemmaisalimentos.com.br\/site\/?page_id=34"},"modified":"2025-04-22T17:04:08","modified_gmt":"2025-04-22T20:04:08","slug":"institucional","status":"publish","type":"page","link":"https:\/\/www.bemmaisalimentos.com.br\/site\/institucional\/","title":{"rendered":"Institucional"},"content":{"rendered":"<div class=\"wpb-content-wrapper\"><p>[vc_row][vc_column][vc_empty_space height=&#8221;20px&#8221;][\/vc_column][\/vc_row][vc_row][vc_column][vc_column_text css=&#8221;&#8221;]<\/p>\n<h2>Institucional<\/h2>\n<p><img loading=\"lazy\" decoding=\"async\" width=\"30\" height=\"25\" class=\"wp-image-159\" style=\"width: 30px;\" src=\"https:\/\/www.bemmaisalimentos.com.br\/site\/wp-content\/uploads\/2025\/01\/Captura-de-tela-2025-01-28-155132.png\" alt=\"\" \/><strong>Miss\u00e3o<\/strong>:<\/p>\n<!-- \/wp:post-content -->\n<p><!-- wp:paragraph {\"placeholder\":\"Conte\u00fado...\"} -->Distribuir alimentos de qualidade com efici\u00eancia e pre\u00e7os competitivos.<\/p>\n<p><img loading=\"lazy\" decoding=\"async\" width=\"30\" height=\"25\" class=\"wp-image-159\" style=\"width: 30px;\" src=\"https:\/\/www.bemmaisalimentos.com.br\/site\/wp-content\/uploads\/2025\/01\/Captura-de-tela-2025-01-28-155132.png\" alt=\"\" \/><strong>Vis\u00e3o<\/strong>:<\/p>\n<p><!-- wp:paragraph -->Ser reconhecido pelo mercado, fornecedores e colaboradores como a melhor distribuidora de produtos congelados nas regi\u00f5es em que atuamos.<\/p>\n<p><!-- wp:paragraph {\"placeholder\":\"Conte\u00fado...\"} --><img loading=\"lazy\" decoding=\"async\" width=\"30\" height=\"25\" class=\"wp-image-159\" style=\"width: 30px;\" src=\"https:\/\/www.bemmaisalimentos.com.br\/site\/wp-content\/uploads\/2025\/01\/Captura-de-tela-2025-01-28-155132.png\" alt=\"\" \/><strong>Valores<\/strong>:<\/p>\n<p><!-- wp:paragraph {\"placeholder\":\"Conte\u00fado...\"} -->Satisfa\u00e7\u00e3o do cliente, \u00e9tica, valoriza\u00e7\u00e3o e respeito as pessoas, responsabilidade social e respeito ao meio ambiente.<\/p>\n<!-- \/wp:paragraph -->\n<p><!-- wp:paragraph \/--><!-- \/wp:paragraph --><!-- \/wp:paragraph -->[\/vc_column_text][\/vc_column][\/vc_row][vc_row][vc_column][vc_column_text css=&#8221;&#8221;]\n<div class=\"wp-block-presto-player-reusable-edit\"><!--presto-player:video_id=2--><figure class=\"wp-block-video presto-block-video  presto-provider-self-hosted\" style=\"--plyr-color-main: var(--presto-player-highlight-color, #00b3ff); --presto-player-logo-width: 150px; \">\n    <presto-player  id=\"presto-player-1\" src=\"https:\/\/www.bemmaisalimentos.com.br\/site\/wp-content\/uploads\/2025\/03\/Institucional-comprimido.mp4\" media-title=\"Institucional comprimido\" css=\"\" class=\"presto-video-id-2 presto-preset-id-1 skin-modern\" skin=\"modern\" icon-url=\"https:\/\/www.bemmaisalimentos.com.br\/site\/wp-content\/plugins\/presto-player\/img\/sprite.svg\" preload=\"\" poster=\"\" playsinline  >\n                    <video controls preload=\"none\">\n            <source src=\"https:\/\/www.bemmaisalimentos.com.br\/site\/wp-content\/uploads\/2025\/03\/Institucional-comprimido.mp4\" \/>\n        <\/video>\n    \n\n    <\/presto-player>\n<\/figure>\t\t<script>\n\t\t\tvar player = document.querySelector('presto-player#presto-player-1');\n\t\t\tplayer.video_id = 2;\n\t\t\t\t\t\t\t\t\t\t\t\tplayer.preset = {\"id\":1,\"name\":\"Default\",\"slug\":\"default\",\"icon\":\"format-video\",\"skin\":\"modern\",\"play-large\":true,\"rewind\":true,\"play\":true,\"fast-forward\":true,\"progress\":true,\"current-time\":true,\"mute\":true,\"volume\":true,\"speed\":false,\"pip\":false,\"fullscreen\":true,\"captions\":false,\"reset_on_end\":true,\"auto_hide\":true,\"show_time_elapsed\":false,\"captions_enabled\":false,\"save_player_position\":true,\"sticky_scroll\":false,\"sticky_scroll_position\":\"bottom right\",\"on_video_end\":\"select\",\"play_video_viewport\":false,\"hide_youtube\":false,\"lazy_load_youtube\":false,\"hide_logo\":false,\"border_radius\":0,\"caption_style\":\"\",\"caption_background\":\"\",\"is_locked\":true,\"cta\":[\"\"],\"watermark\":[\"\"],\"search\":[\"\"],\"email_collection\":[\"\"],\"action_bar\":[\"\"],\"created_by\":1,\"created_at\":\"2025-03-06 14:37:43\",\"updated_at\":\"2025-03-06 14:37:43\",\"deleted_at\":\"\"};\n\t\t\t\t\t\t\t\t\t\t\t\t\t\t\t\tplayer.chapters = [];\n\t\t\t\t\t\t\t\t\t\t\t\t\t\t\t\tplayer.overlays = [];\n\t\t\t\t\t\t\t\t\t\t\t\t\t\t\t\tplayer.tracks = [];\n\t\t\t\t\t\t\t\t\t\t\t\t\t\t\t\tplayer.branding = {\"logo\":\"\",\"color\":\"#00b3ff\",\"logo_width\":150,\"player_css\":\"\"};\n\t\t\t\t\t\t\t\t\t\t\t\t\t\t\t\tplayer.blockAttributes = {\"playsInline\":true,\"id\":2,\"attachment_id\":2457,\"src\":\"https:\\\/\\\/www.bemmaisalimentos.com.br\\\/site\\\/wp-content\\\/uploads\\\/2025\\\/03\\\/Institucional-comprimido.mp4\",\"preset\":1,\"visibility\":\"public\",\"color\":\"#00b3ff\",\"mutedPreview\":{\"enabled\":false,\"captions\":false},\"mutedOverlay\":{\"enabled\":false,\"src\":\"\",\"width\":200,\"focalPoint\":{\"x\":0.5,\"y\":0.5}},\"mutedOverlayType\":\"text\",\"mutedOverlayText\":\"Click to play\",\"mutedOverlayImageWidth\":200,\"chapters\":[],\"overlays\":[],\"tracks\":[],\"title\":\"Institucional comprimido\"};\n\t\t\t\t\t\t\t\t\t\t\t\t\t\t\t\t\t\t\t\t\t\t\tplayer.skin = \"modern\";\n\t\t\t\t\t\t\t\t\t\t\t\t\t\t\t\tplayer.analytics = false;\n\t\t\t\t\t\t\t\t\t\t\t\t\t\t\t\tplayer.automations = true;\n\t\t\t\t\t\t\t\t\t\t\t\t\t\t\t\tplayer.provider = \"self-hosted\";\n\t\t\t\t\t\t\t\t\t\t\t\t\t\t\t\t\t\t\t\t\t\t\t\t\t\t\t\t\t\t\t\t\t\t\t\t\t\t\t\t\t\t\t\tplayer.youtube = {\"noCookie\":false,\"channelId\":\"\",\"show_count\":false};\n\t\t\t\t\t\t\t\t\t<\/script>\n\t\t<\/div>\n[\/vc_column_text][\/vc_column][\/vc_row]<\/p>\n<\/div>","protected":false},"excerpt":{"rendered":"<p>[vc_row][vc_column][vc_empty_space height=&#8221;20px&#8221;][\/vc_column][\/vc_row][vc_row][vc_column][vc_column_text css=&#8221;&#8221;] Institucional Miss\u00e3o: Distribuir alimentos de qualidade com efici\u00eancia e pre\u00e7os competitivos. Vis\u00e3o: Ser reconhecido pelo mercado, fornecedores [&hellip;]<\/p>\n","protected":false},"author":1,"featured_media":0,"parent":0,"menu_order":0,"comment_status":"closed","ping_status":"closed","template":"","meta":{"site-sidebar-layout":"no-sidebar","site-content-layout":"plain-container","ast-site-content-layout":"","site-content-style":"default","site-sidebar-style":"default","ast-global-header-display":"","ast-banner-title-visibility":"","ast-main-header-display":"","ast-hfb-above-header-display":"","ast-hfb-below-header-display":"","ast-hfb-mobile-header-display":"","site-post-title":"disabled","ast-breadcrumbs-content":"","ast-featured-img":"disabled","footer-sml-layout":"","theme-transparent-header-meta":"","adv-header-id-meta":"","stick-header-meta":"","header-above-stick-meta":"","header-main-stick-meta":"","header-below-stick-meta":"","astra-migrate-meta-layouts":"default","ast-page-background-enabled":"default","ast-page-background-meta":{"desktop":{"background-color":"var(--ast-global-color-5)","background-image":"","background-repeat":"repeat","background-position":"center center","background-size":"auto","background-attachment":"scroll","background-type":"","background-media":"","overlay-type":"","overlay-color":"","overlay-opacity":"","overlay-gradient":""},"tablet":{"background-color":"","background-image":"","background-repeat":"repeat","background-position":"center center","background-size":"auto","background-attachment":"scroll","background-type":"","background-media":"","overlay-type":"","overlay-color":"","overlay-opacity":"","overlay-gradient":""},"mobile":{"background-color":"","background-image":"","background-repeat":"repeat","background-position":"center center","background-size":"auto","background-attachment":"scroll","background-type":"","background-media":"","overlay-type":"","overlay-color":"","overlay-opacity":"","overlay-gradient":""}},"ast-content-background-meta":{"desktop":{"background-color":"var(--ast-global-color-4)","background-image":"","background-repeat":"repeat","background-position":"center center","background-size":"auto","background-attachment":"scroll","background-type":"","background-media":"","overlay-type":"","overlay-color":"","overlay-opacity":"","overlay-gradient":""},"tablet":{"background-color":"var(--ast-global-color-4)","background-image":"","background-repeat":"repeat","background-position":"center center","background-size":"auto","background-attachment":"scroll","background-type":"","background-media":"","overlay-type":"","overlay-color":"","overlay-opacity":"","overlay-gradient":""},"mobile":{"background-color":"var(--ast-global-color-4)","background-image":"","background-repeat":"repeat","background-position":"center center","background-size":"auto","background-attachment":"scroll","background-type":"","background-media":"","overlay-type":"","overlay-color":"","overlay-opacity":"","overlay-gradient":""}},"footnotes":""},"class_list":["post-34","page","type-page","status-publish","hentry"],"yoast_head":"<!-- This site is optimized with the Yoast SEO plugin v25.3.1 - https:\/\/yoast.com\/wordpress\/plugins\/seo\/ -->\n<title>Institucional -<\/title>\n<meta name=\"robots\" content=\"index, follow, max-snippet:-1, max-image-preview:large, max-video-preview:-1\" \/>\n<link rel=\"canonical\" href=\"https:\/\/www.bemmaisalimentos.com.br\/site\/institucional\/\" \/>\n<meta property=\"og:locale\" content=\"pt_BR\" \/>\n<meta property=\"og:type\" content=\"article\" \/>\n<meta property=\"og:title\" content=\"Institucional -\" \/>\n<meta property=\"og:description\" content=\"[vc_row][vc_column][vc_empty_space height=&#8221;20px&#8221;][\/vc_column][\/vc_row][vc_row][vc_column][vc_column_text css=&#8221;&#8221;] Institucional Miss\u00e3o: Distribuir alimentos de qualidade com efici\u00eancia e pre\u00e7os competitivos. Vis\u00e3o: Ser reconhecido pelo mercado, fornecedores [&hellip;]\" \/>\n<meta property=\"og:url\" content=\"https:\/\/www.bemmaisalimentos.com.br\/site\/institucional\/\" \/>\n<meta property=\"article:publisher\" content=\"https:\/\/www.facebook.com\/bemmaisalimentos\/?locale=pt_BR\" \/>\n<meta property=\"article:modified_time\" content=\"2025-04-22T20:04:08+00:00\" \/>\n<meta property=\"og:image\" content=\"https:\/\/www.bemmaisalimentos.com.br\/site\/wp-content\/uploads\/2025\/01\/Captura-de-tela-2025-01-28-155132.png\" \/>\n\t<meta property=\"og:image:width\" content=\"201\" \/>\n\t<meta property=\"og:image:height\" content=\"167\" \/>\n\t<meta property=\"og:image:type\" content=\"image\/png\" \/>\n<meta name=\"twitter:card\" content=\"summary_large_image\" \/>\n<meta name=\"twitter:label1\" content=\"Est. tempo de leitura\" \/>\n\t<meta name=\"twitter:data1\" content=\"1 minuto\" \/>\n<script type=\"application\/ld+json\" class=\"yoast-schema-graph\">{\"@context\":\"https:\/\/schema.org\",\"@graph\":[{\"@type\":\"WebPage\",\"@id\":\"https:\/\/www.bemmaisalimentos.com.br\/site\/institucional\/\",\"url\":\"https:\/\/www.bemmaisalimentos.com.br\/site\/institucional\/\",\"name\":\"Institucional -\",\"isPartOf\":{\"@id\":\"https:\/\/www.bemmaisalimentos.com.br\/site\/#website\"},\"primaryImageOfPage\":{\"@id\":\"https:\/\/www.bemmaisalimentos.com.br\/site\/institucional\/#primaryimage\"},\"image\":{\"@id\":\"https:\/\/www.bemmaisalimentos.com.br\/site\/institucional\/#primaryimage\"},\"thumbnailUrl\":\"https:\/\/www.bemmaisalimentos.com.br\/site\/wp-content\/uploads\/2025\/01\/Captura-de-tela-2025-01-28-155132.png\",\"datePublished\":\"2025-01-27T19:06:52+00:00\",\"dateModified\":\"2025-04-22T20:04:08+00:00\",\"breadcrumb\":{\"@id\":\"https:\/\/www.bemmaisalimentos.com.br\/site\/institucional\/#breadcrumb\"},\"inLanguage\":\"pt-BR\",\"potentialAction\":[{\"@type\":\"ReadAction\",\"target\":[\"https:\/\/www.bemmaisalimentos.com.br\/site\/institucional\/\"]}]},{\"@type\":\"ImageObject\",\"inLanguage\":\"pt-BR\",\"@id\":\"https:\/\/www.bemmaisalimentos.com.br\/site\/institucional\/#primaryimage\",\"url\":\"https:\/\/www.bemmaisalimentos.com.br\/site\/wp-content\/uploads\/2025\/01\/Captura-de-tela-2025-01-28-155132.png\",\"contentUrl\":\"https:\/\/www.bemmaisalimentos.com.br\/site\/wp-content\/uploads\/2025\/01\/Captura-de-tela-2025-01-28-155132.png\",\"width\":201,\"height\":167},{\"@type\":\"BreadcrumbList\",\"@id\":\"https:\/\/www.bemmaisalimentos.com.br\/site\/institucional\/#breadcrumb\",\"itemListElement\":[{\"@type\":\"ListItem\",\"position\":1,\"name\":\"In\u00edcio\",\"item\":\"https:\/\/www.bemmaisalimentos.com.br\/site\/\"},{\"@type\":\"ListItem\",\"position\":2,\"name\":\"Institucional\"}]},{\"@type\":\"WebSite\",\"@id\":\"https:\/\/www.bemmaisalimentos.com.br\/site\/#website\",\"url\":\"https:\/\/www.bemmaisalimentos.com.br\/site\/\",\"name\":\"Bem Mais Alimentos | Distribuidora de Alimentos\u00a0no\u00a0Paran\u00e1\",\"description\":\"\",\"publisher\":{\"@id\":\"https:\/\/www.bemmaisalimentos.com.br\/site\/#organization\"},\"potentialAction\":[{\"@type\":\"SearchAction\",\"target\":{\"@type\":\"EntryPoint\",\"urlTemplate\":\"https:\/\/www.bemmaisalimentos.com.br\/site\/?s={search_term_string}\"},\"query-input\":{\"@type\":\"PropertyValueSpecification\",\"valueRequired\":true,\"valueName\":\"search_term_string\"}}],\"inLanguage\":\"pt-BR\"},{\"@type\":\"Organization\",\"@id\":\"https:\/\/www.bemmaisalimentos.com.br\/site\/#organization\",\"name\":\"Bem Mais Alimentos | Distribuidora de Alimentos\u00a0no\u00a0Paran\u00e1\",\"url\":\"https:\/\/www.bemmaisalimentos.com.br\/site\/\",\"logo\":{\"@type\":\"ImageObject\",\"inLanguage\":\"pt-BR\",\"@id\":\"https:\/\/www.bemmaisalimentos.com.br\/site\/#\/schema\/logo\/image\/\",\"url\":\"https:\/\/www.bemmaisalimentos.com.br\/site\/wp-content\/uploads\/2025\/03\/FEVEREIRO-51.jpg\",\"contentUrl\":\"https:\/\/www.bemmaisalimentos.com.br\/site\/wp-content\/uploads\/2025\/03\/FEVEREIRO-51.jpg\",\"width\":150,\"height\":93,\"caption\":\"Bem Mais Alimentos | Distribuidora de Alimentos\u00a0no\u00a0Paran\u00e1\"},\"image\":{\"@id\":\"https:\/\/www.bemmaisalimentos.com.br\/site\/#\/schema\/logo\/image\/\"},\"sameAs\":[\"https:\/\/www.facebook.com\/bemmaisalimentos\/?locale=pt_BR\",\"https:\/\/www.instagram.com\/bemmaisalimentos\/\"]}]}<\/script>\n<!-- \/ Yoast SEO plugin. -->","yoast_head_json":{"title":"Institucional -","robots":{"index":"index","follow":"follow","max-snippet":"max-snippet:-1","max-image-preview":"max-image-preview:large","max-video-preview":"max-video-preview:-1"},"canonical":"https:\/\/www.bemmaisalimentos.com.br\/site\/institucional\/","og_locale":"pt_BR","og_type":"article","og_title":"Institucional -","og_description":"[vc_row][vc_column][vc_empty_space height=&#8221;20px&#8221;][\/vc_column][\/vc_row][vc_row][vc_column][vc_column_text css=&#8221;&#8221;] Institucional Miss\u00e3o: Distribuir alimentos de qualidade com efici\u00eancia e pre\u00e7os competitivos. Vis\u00e3o: Ser reconhecido pelo mercado, fornecedores [&hellip;]","og_url":"https:\/\/www.bemmaisalimentos.com.br\/site\/institucional\/","article_publisher":"https:\/\/www.facebook.com\/bemmaisalimentos\/?locale=pt_BR","article_modified_time":"2025-04-22T20:04:08+00:00","og_image":[{"width":201,"height":167,"url":"https:\/\/www.bemmaisalimentos.com.br\/site\/wp-content\/uploads\/2025\/01\/Captura-de-tela-2025-01-28-155132.png","type":"image\/png"}],"twitter_card":"summary_large_image","twitter_misc":{"Est. tempo de leitura":"1 minuto"},"schema":{"@context":"https:\/\/schema.org","@graph":[{"@type":"WebPage","@id":"https:\/\/www.bemmaisalimentos.com.br\/site\/institucional\/","url":"https:\/\/www.bemmaisalimentos.com.br\/site\/institucional\/","name":"Institucional -","isPartOf":{"@id":"https:\/\/www.bemmaisalimentos.com.br\/site\/#website"},"primaryImageOfPage":{"@id":"https:\/\/www.bemmaisalimentos.com.br\/site\/institucional\/#primaryimage"},"image":{"@id":"https:\/\/www.bemmaisalimentos.com.br\/site\/institucional\/#primaryimage"},"thumbnailUrl":"https:\/\/www.bemmaisalimentos.com.br\/site\/wp-content\/uploads\/2025\/01\/Captura-de-tela-2025-01-28-155132.png","datePublished":"2025-01-27T19:06:52+00:00","dateModified":"2025-04-22T20:04:08+00:00","breadcrumb":{"@id":"https:\/\/www.bemmaisalimentos.com.br\/site\/institucional\/#breadcrumb"},"inLanguage":"pt-BR","potentialAction":[{"@type":"ReadAction","target":["https:\/\/www.bemmaisalimentos.com.br\/site\/institucional\/"]}]},{"@type":"ImageObject","inLanguage":"pt-BR","@id":"https:\/\/www.bemmaisalimentos.com.br\/site\/institucional\/#primaryimage","url":"https:\/\/www.bemmaisalimentos.com.br\/site\/wp-content\/uploads\/2025\/01\/Captura-de-tela-2025-01-28-155132.png","contentUrl":"https:\/\/www.bemmaisalimentos.com.br\/site\/wp-content\/uploads\/2025\/01\/Captura-de-tela-2025-01-28-155132.png","width":201,"height":167},{"@type":"BreadcrumbList","@id":"https:\/\/www.bemmaisalimentos.com.br\/site\/institucional\/#breadcrumb","itemListElement":[{"@type":"ListItem","position":1,"name":"In\u00edcio","item":"https:\/\/www.bemmaisalimentos.com.br\/site\/"},{"@type":"ListItem","position":2,"name":"Institucional"}]},{"@type":"WebSite","@id":"https:\/\/www.bemmaisalimentos.com.br\/site\/#website","url":"https:\/\/www.bemmaisalimentos.com.br\/site\/","name":"Bem Mais Alimentos | Distribuidora de Alimentos\u00a0no\u00a0Paran\u00e1","description":"","publisher":{"@id":"https:\/\/www.bemmaisalimentos.com.br\/site\/#organization"},"potentialAction":[{"@type":"SearchAction","target":{"@type":"EntryPoint","urlTemplate":"https:\/\/www.bemmaisalimentos.com.br\/site\/?s={search_term_string}"},"query-input":{"@type":"PropertyValueSpecification","valueRequired":true,"valueName":"search_term_string"}}],"inLanguage":"pt-BR"},{"@type":"Organization","@id":"https:\/\/www.bemmaisalimentos.com.br\/site\/#organization","name":"Bem Mais Alimentos | Distribuidora de Alimentos\u00a0no\u00a0Paran\u00e1","url":"https:\/\/www.bemmaisalimentos.com.br\/site\/","logo":{"@type":"ImageObject","inLanguage":"pt-BR","@id":"https:\/\/www.bemmaisalimentos.com.br\/site\/#\/schema\/logo\/image\/","url":"https:\/\/www.bemmaisalimentos.com.br\/site\/wp-content\/uploads\/2025\/03\/FEVEREIRO-51.jpg","contentUrl":"https:\/\/www.bemmaisalimentos.com.br\/site\/wp-content\/uploads\/2025\/03\/FEVEREIRO-51.jpg","width":150,"height":93,"caption":"Bem Mais Alimentos | Distribuidora de Alimentos\u00a0no\u00a0Paran\u00e1"},"image":{"@id":"https:\/\/www.bemmaisalimentos.com.br\/site\/#\/schema\/logo\/image\/"},"sameAs":["https:\/\/www.facebook.com\/bemmaisalimentos\/?locale=pt_BR","https:\/\/www.instagram.com\/bemmaisalimentos\/"]}]}},"_links":{"self":[{"href":"https:\/\/www.bemmaisalimentos.com.br\/site\/wp-json\/wp\/v2\/pages\/34","targetHints":{"allow":["GET"]}}],"collection":[{"href":"https:\/\/www.bemmaisalimentos.com.br\/site\/wp-json\/wp\/v2\/pages"}],"about":[{"href":"https:\/\/www.bemmaisalimentos.com.br\/site\/wp-json\/wp\/v2\/types\/page"}],"author":[{"embeddable":true,"href":"https:\/\/www.bemmaisalimentos.com.br\/site\/wp-json\/wp\/v2\/users\/1"}],"replies":[{"embeddable":true,"href":"https:\/\/www.bemmaisalimentos.com.br\/site\/wp-json\/wp\/v2\/comments?post=34"}],"version-history":[{"count":38,"href":"https:\/\/www.bemmaisalimentos.com.br\/site\/wp-json\/wp\/v2\/pages\/34\/revisions"}],"predecessor-version":[{"id":3070,"href":"https:\/\/www.bemmaisalimentos.com.br\/site\/wp-json\/wp\/v2\/pages\/34\/revisions\/3070"}],"wp:attachment":[{"href":"https:\/\/www.bemmaisalimentos.com.br\/site\/wp-json\/wp\/v2\/media?parent=34"}],"curies":[{"name":"wp","href":"https:\/\/api.w.org\/{rel}","templated":true}]}}